{"id":374,"date":"2023-08-06T20:21:03","date_gmt":"2023-08-06T18:21:03","guid":{"rendered":"https:\/\/home-manager.hu\/?page_id=374"},"modified":"2024-10-10T11:09:52","modified_gmt":"2024-10-10T09:09:52","slug":"ajanlataink","status":"publish","type":"page","link":"https:\/\/home-manager.hu\/en\/ajanlataink\/","title":{"rendered":"Our Offers"},"content":{"rendered":"\n  <div class=\"banner has-hover has-parallax\" id=\"banner-1345167353\">\n          <div class=\"banner-inner fill\">\n        <div class=\"banner-bg fill\" data-parallax=\"-4\" data-parallax-container=\".banner\" data-parallax-background>\n            <div class=\"bg fill bg-fill \"><\/div>\n                        <div class=\"overlay\"><\/div>            \n                    <\/div>\n\t\t\n        <div class=\"banner-layers container\">\n            <div class=\"fill banner-link\"><\/div>            \n   <div id=\"text-box-1950137602\" class=\"text-box banner-layer x50 md-x50 lg-x50 y50 md-y50 lg-y50 res-text\">\n                     <div data-animate=\"fadeInUp\">           <div class=\"text-box-content text \">\n              \n              <div class=\"text-inner text-center\">\n                  \n\t<div id=\"text-2848708295\" class=\"text\">\n\t\t\n<h2><span style=\"font-size: 170%;\"><strong>Our offers<\/strong><\/span><\/h2>\n\t\t\n<style>\n#text-2848708295 {\n  color: rgb(255,255,255);\n}\n#text-2848708295 > * {\n  color: rgb(255,255,255);\n}\n<\/style>\n\t<\/div>\n\t\n              <\/div>\n           <\/div>\n       <\/div>                     \n<style>\n#text-box-1950137602 {\n  width: 85%;\n}\n#text-box-1950137602 .text-box-content {\n  font-size: 50%;\n}\n@media (min-width:550px) {\n  #text-box-1950137602 {\n    width: 69%;\n  }\n  #text-box-1950137602 .text-box-content {\n    font-size: 100%;\n  }\n}\n<\/style>\n    <\/div>\n \n        <\/div>\n      <\/div>\n\n              <div class=\"height-fix is-invisible\"><img loading=\"lazy\" decoding=\"async\" width=\"1600\" height=\"351\" src=\"https:\/\/home-manager.hu\/wp-content\/uploads\/2023\/08\/services_top.jpg\" class=\"attachment-2048x2048 size-2048x2048\" alt=\"Home Manager | \u00c9p\u00fclet karbantart\u00e1si szolg\u00e1ltat\u00e1sok\" srcset=\"https:\/\/home-manager.hu\/wp-content\/uploads\/2023\/08\/services_top.jpg 1600w, https:\/\/home-manager.hu\/wp-content\/uploads\/2023\/08\/services_top-300x66.jpg 300w, https:\/\/home-manager.hu\/wp-content\/uploads\/2023\/08\/services_top-1024x225.jpg 1024w, https:\/\/home-manager.hu\/wp-content\/uploads\/2023\/08\/services_top-768x168.jpg 768w, https:\/\/home-manager.hu\/wp-content\/uploads\/2023\/08\/services_top-1536x337.jpg 1536w\" sizes=\"auto, (max-width: 1600px) 100vw, 1600px\" \/><\/div>\n            \n<style>\n#banner-1345167353 .bg.bg-loaded {\n  background-image: url(https:\/\/home-manager.hu\/wp-content\/uploads\/2023\/08\/services_top.jpg);\n}\n#banner-1345167353 .overlay {\n  background-color: rgba(43, 46, 49, 0.581);\n}\n#banner-1345167353 {\n  background-color: #FFF;\n}\n#banner-1345167353 .bg {\n  background-position: 51% 52%;\n}\n<\/style>\n  <\/div>\n\n\n\t<section class=\"section\" id=\"section_697314382\">\n\t\t<div class=\"bg section-bg fill bg-fill  bg-loaded\" >\n\n\t\t\t\n\t\t\t\n\t\t\t\n\n\t\t<\/div>\n\n\t\t\n\n\t\t<div class=\"section-content relative\">\n\t\t\t\n<div class=\"row\"  id=\"row-519708214\">\n\n\t<div id=\"col-1087299687\" class=\"col small-12 large-12\"  >\n\t\t\t\t<div class=\"col-inner\"  >\n\t\t\t\n\t\t\t\n\t<div id=\"text-1951030357\" class=\"text\">\n\t\t\n<h1>Building maintenance in Buda&#8217;s green zones<\/h1>\n<div class=\"col-12 col-md-8\">\n<p style=\"margin: 0in; font-family: Calibri; font-size: 11pt; text-align: justify;\">We understand that each property may have unique and specific maintenance needs.In order to prevent possible problems and to carry out timely maintenance, Home Manager regularly inspects the properties they manage. During the inspections, maintenance needs are identified and solutions are found immediately, thereby avoiding more serious problems later.<\/p>\n<p style=\"margin: 0in; font-family: Calibri; font-size: 11pt; text-align: justify;\">Home Manager has an in-depth knowledge of the unique needs of green belt properties in Buda. They are aware of the need to preserve the beauty and character of the property&#8217;s surroundings while providing premium quality maintenance services.<\/p>\n<\/div>\n\t\t\n<style>\n#text-1951030357 {\n  color: rgb(43, 46, 49);\n}\n#text-1951030357 > * {\n  color: rgb(43, 46, 49);\n}\n<\/style>\n\t<\/div>\n\t\n\t\t<\/div>\n\t\t\t\t\t<\/div>\n\n\t\n\n<style>\n#row-519708214 > .col > .col-inner {\n  padding: 30px 0px 0px 0px;\n}\n<\/style>\n<\/div>\n\t\t<\/div>\n\n\t\t\n<style>\n#section_697314382 {\n  padding-top: 0px;\n  padding-bottom: 0px;\n  background-color: rgb(239, 239, 239);\n}\n<\/style>\n\t<\/section>\n\t\n\t<section class=\"section has-parallax\" id=\"section_2009951096\">\n\t\t<div class=\"bg section-bg fill bg-fill  \" data-parallax-container=\".section\" data-parallax-background data-parallax=\"-4\">\n\n\t\t\t\n\t\t\t\n\t\t\t\n\n\t\t<\/div>\n\n\t\t\n\n\t\t<div class=\"section-content relative\">\n\t\t\t\n<div class=\"row\"  id=\"row-701474541\">\n\n\t<div id=\"col-414507292\" class=\"col small-12 large-12\"  >\n\t\t\t\t<div class=\"col-inner\"  >\n\t\t\t\n\t\t\t\n<h3 class=\"h2-orange\">HOME MANAGER STANDARD<\/h3>\n<ul>\n<li>all-time availability<\/li>\n<li>diagnosis\n<ul>\n<li>full external, internal and mechanical assessment of the property<\/li>\n<li>creating and recording photographic documentation<\/li>\n<li>in the case of a residential building, taking a drone photo of the building, the grounds and the roof<\/li>\n<li>property-tailored digital service book<\/li>\n<li>exploration and cataloging of existing errors<\/li>\n<\/ul>\n<\/li>\n<li>0-24 hour phone availability<\/li>\n<li>Emergency damage control<\/li>\n<li>Partner, subcontractor technical quality assurance<\/li>\n<\/ul>\n<p style=\"text-align: justify;\">Our package guarantees customers constant availability, ensuring that they can contact us at any time. During the diagnosis of the property, we carry out a comprehensive analysis, which includes a full assessment of the external, internal and mechanical systems, thus we can eliminate future errors faster, more smoothly and more cost-effectively. In addition, in the case of residential buildings, we also take drone photos that give a detailed picture of the building, the grounds and the roof. All information is preserved through the data card, and the online digital service book makes it easy to track maintenance and repair work. We are constantly available to our customers at any time of the day, ready to carry out emergency damage repair as well. We supervise the activities of our partners and subcontractors with strict technical quality assurance, so that the end result is always of the highest standard.<\/p>\n\t\t<\/div>\n\t\t\t\t\t<\/div>\n\n\t\n\n\t<div id=\"col-194010035\" class=\"col small-12 large-12\"  >\n\t\t\t\t<div class=\"col-inner\"  >\n\t\t\t\n\t\t\t\n<div class=\"is-divider divider clearfix\" style=\"max-width:100%;background-color:rgb(240, 175, 0);\"><\/div>\n<h3 class=\"h2-orange\">HOME MANAGER PLUS<\/h3>\n<div id=\"plus\">\n<ul>\n<li>Home Manager Standard\n<ul>\n<li>setting up a technical maintenance program tailored to the property<\/li>\n<li>mapping the owner&#8217;s personal needs<\/li>\n<li>Planned Preventive Maintenance &#8211; weekly\/monthly\/yearly control<\/li>\n<li>free disembarkation at any time<\/li>\n<li>discounted hourly rates<\/li>\n<li>dedication of a personal home technician &#8211; 1 property &#8211; 1 technician<\/li>\n<\/ul>\n<\/li>\n<\/ul>\n<p>Our most popular package offers a customized technical maintenance program. We map out the owner&#8217;s personal expectations and needs in detail, so that the maintenance targets exactly the areas that are most important to you and your property. Through Planned Preventive Maintenance, we regularly check and maintain all elements of the property and, in addition to free outings, we help our customers achieve cost-effective solutions with discounted hourly rates. In addition, we assign a dedicated home technician to the property, who will be your personal contact in technical matters, along with complete knowledge of the property. He is responsible for its regular supervision and the organization of the necessary maintenance so that your home is in the best possible condition, thus guaranteeing its long-term value stability and carefree comfort for its users.<\/p>\n<\/div>\n\t\t<\/div>\n\t\t\t\t\t<\/div>\n\n\t\n\n\t<div id=\"col-416029703\" class=\"col small-12 large-12\"  >\n\t\t\t\t<div class=\"col-inner\"  >\n\t\t\t\n\t\t\t\n<div class=\"is-divider divider clearfix\" style=\"max-width:100%;background-color:rgb(240, 175, 0);\"><\/div>\n<h3 class=\"h2-orange\">HOME MANAGER PREMIUM<\/h3>\n<ul>\n<li>Home Manager Plus\n<ul>\n<li>regular garden maintenance<\/li>\n<li>regular building cleaning<\/li>\n<li>other home management needs<\/li>\n<\/ul>\n<\/li>\n<\/ul>\n<p style=\"text-align: justify;\">This package of ours provides the highest level of complexity in real estate in full maintenance. Our premium service focuses not only on technical maintenance and condition preservation, but also on the external environment, as we provide regular garden care so that the green areas are always well-kept and tidy. In order to ensure a clean and attractive appearance of all parts of the building, we also take care of regular external cleaning of the building and are available for all personal home management needs.<\/p>\n\t\t<\/div>\n\t\t\t\t\t<\/div>\n\n\t\n\n\t<div id=\"col-1358837108\" class=\"col small-12 large-12\"  >\n\t\t\t\t<div class=\"col-inner\"  >\n\t\t\t\n\t\t\t\n<div class=\"is-divider divider clearfix\" style=\"max-width:100%;background-color:rgb(240, 175, 0);\"><\/div>\n<h3 style=\"text-align: center;\"><strong>Get to know the details of our services, <\/strong><strong>and contact us so that we can prepare a <\/strong><strong>free quote for you!< \/strong><\/h3>\n\t<div id=\"text-156003903\" class=\"text hidden\">\n\t\t\n<h3 class=\"h2-orange\">SALES \/ RENTAL COMPLETE CONSULTING<\/h3>\n<div id=\"plus\">\n<ul>\n<li>creating a portfolio<\/li>\n<li>no subscription required<\/li>\n<li>sales and rental optimization<\/li>\n<li>creating a market-based valuation<\/li>\n<li>fix minor technical errors<\/li>\n<li>creating a repair offer for value-reducing errors<\/li>\n<li>furniture and garden arrangement proposal<\/li>\n<li>Exploration of legal and tax issues<\/li>\n<li>Creating a photo album<\/li>\n<li>creating an energy certificate<\/li>\n<li>property sale and rental<\/li>\n<\/ul>\n<p>Our service does not require a subscription for this, it is carried out against a separate fee according to the parameters of the property.<\/p>\n<\/div>\n\t\t\t<\/div>\n\t\n\t\t<\/div>\n\t\t\t\t\t<\/div>\n\n\t\n<\/div>\n\t\t<\/div>\n\n\t\t\n<style>\n#section_2009951096 {\n  padding-top: 30px;\n  padding-bottom: 30px;\n}\n#section_2009951096 .section-bg.bg-loaded {\n  background-image: url(https:\/\/home-manager.hu\/wp-content\/uploads\/2024\/09\/Hatteralacsony.png);\n}\n<\/style>\n\t<\/section>\n\t\n\t<section class=\"section\" id=\"section_905763931\">\n\t\t<div class=\"bg section-bg fill bg-fill  bg-loaded\" >\n\n\t\t\t\n\t\t\t\n\t\t\t\n\n\t\t<\/div>\n\n\t\t\n\n\t\t<div class=\"section-content relative\">\n\t\t\t\n<div class=\"row\"  id=\"row-1715853391\">\n\n\t<div id=\"col-1779963437\" class=\"col small-12 large-12\"  >\n\t\t\t\t<div class=\"col-inner text-center\"  >\n\t\t\t\n\t\t\t\n\t<div id=\"text-441395613\" class=\"text\">\n\t\t\n<h2>Complete premium building maintenance services<\/h2>\n<p style=\"text-align: justify;\">Our professional technicians, dedicated to real estate, know all the technical details of your home and keep in mind the personal needs of its users. Our equipped service car and our qualified staff will help ensure that any technical or aesthetic problems around your property are no longer a problem. Whether it is a task involving any area of \u200b\u200bexpertise affecting your home, you only need to turn to one person, which is us. We regularly log the various repairs and maintenance, which you can view at any time in the Digital Service Book of your property.<\/p>\n\t\t\n<style>\n#text-441395613 {\n  text-align: center;\n  color: rgb(255,255,255);\n}\n#text-441395613 > * {\n  color: rgb(255,255,255);\n}\n<\/style>\n\t<\/div>\n\t\n<a href=\"\/our%20services\" target=\"_self\" class=\"button alert\"  >\n    <span>Check the services<\/span>\n  <\/a>\n\n\t\t<\/div>\n\t\t\t\t\t<\/div>\n\n\t\n<\/div>\n\t\t<\/div>\n\n\t\t\n<style>\n#section_905763931 {\n  padding-top: 30px;\n  padding-bottom: 30px;\n  background-color: #2b2e31;\n}\n<\/style>\n\t<\/section>\n\t\n\t<section class=\"section\" id=\"section_1783746974\">\n\t\t<div class=\"bg section-bg fill bg-fill  bg-loaded\" >\n\n\t\t\t\n\t\t\t\n\t\t\t\n\n\t\t<\/div>\n\n\t\t\n\n\t\t<div class=\"section-content relative\">\n\t\t\t\n<div class=\"row align-center\"  id=\"row-1369964456\">\n\n\t<div id=\"col-833737321\" class=\"col medium-8 small-12 large-8\"  >\n\t\t\t\t<div class=\"col-inner\"  >\n\t\t\t\n\t\t\t\n\t<div id=\"text-2931072609\" class=\"text\">\n\t\t\n<h3>Contact<\/h3>\n\t\t\n<style>\n#text-2931072609 {\n  color: #f39358;\n}\n#text-2931072609 > * {\n  color: #f39358;\n}\n<\/style>\n\t<\/div>\n\t\n<div class='fluentform ff-default fluentform_wrapper_1 ffs_default_wrap'><form data-form_id=\"1\" id=\"fluentform_1\" class=\"frm-fluent-form fluent_form_1 ff-el-form-top ff_form_instance_1_1 ff-form-loading ffs_default\" data-form_instance=\"ff_form_instance_1_1\" method=\"POST\" ><fieldset  style=\"border: none!important;margin: 0!important;padding: 0!important;background-color: transparent!important;box-shadow: none!important;outline: none!important; min-inline-size: 100%;\">\n                    <legend class=\"ff_screen_reader_title\" style=\"display: block; margin: 0!important;padding: 0!important;height: 0!important;text-indent: -999999px;width: 0!important;overflow:hidden;\">Contact Form Demo<\/legend><input type='hidden' name='__fluent_form_embded_post_id' value='374' \/><input type=\"hidden\" id=\"_fluentform_1_fluentformnonce\" name=\"_fluentform_1_fluentformnonce\" value=\"97d54326ff\" \/><input type=\"hidden\" name=\"_wp_http_referer\" value=\"\/en\/wp-json\/wp\/v2\/pages\/374\" \/><div class='ff-el-group'><div class=\"ff-el-input--label ff-el-is-required asterisk-right\"><label for='ff_1_input_text' aria-label=\"N\u00e9v\">N\u00e9v<\/label><\/div><div class='ff-el-input--content'><input type=\"text\" name=\"input_text\" class=\"ff-el-form-control\" placeholder=\"Adja meg a nev\u00e9t\" data-name=\"input_text\" id=\"ff_1_input_text\"  aria-invalid=\"false\" aria-required=true><\/div><\/div><div class='ff-el-group'><div class=\"ff-el-input--label ff-el-is-required asterisk-right\"><label for='ff_1_email' aria-label=\"Email\">Email<\/label><\/div><div class='ff-el-input--content'><input type=\"email\" name=\"email\" id=\"ff_1_email\" class=\"ff-el-form-control\" placeholder=\"Email Address\" data-name=\"email\"  aria-invalid=\"false\" aria-required=true><\/div><\/div><div class='ff-el-group'><div class=\"ff-el-input--label ff-el-is-required asterisk-right\"><label for='ff_1_input_text_1' aria-label=\"Telefonsz\u00e1m\">Telefonsz\u00e1m<\/label><\/div><div class='ff-el-input--content'><input type=\"text\" name=\"input_text_1\" class=\"ff-el-form-control\" placeholder=\"Telefonsz\u00e1m\" data-name=\"input_text_1\" id=\"ff_1_input_text_1\"  aria-invalid=\"false\" aria-required=true><\/div><\/div><div class='ff-el-group'><div class=\"ff-el-input--label asterisk-right\"><label for='ff_1_message' aria-label=\"\u00dczenet\">\u00dczenet<\/label><\/div><div class='ff-el-input--content'><textarea aria-invalid=\"false\" aria-required=false name=\"message\" id=\"ff_1_message\" class=\"ff-el-form-control\" rows=\"4\" cols=\"2\" data-name=\"message\" ><\/textarea><\/div><\/div><div class='ff-el-group ' ><div class='ff-el-input--content'><div data-fluent_id='1' name='g-recaptcha-response'><div\n\t\tdata-sitekey='6LeTMs8pAAAAAC7F1AzQPFmHUowE4uFMv_ubtjdI'\n\t\tid='fluentform-recaptcha-1-1'\n\t\tclass='ff-el-recaptcha g-recaptcha'\n\t\tdata-callback='fluentFormrecaptchaSuccessCallback'><\/div><\/div><\/div><\/div><div class='ff-el-group ff-text-left ff_submit_btn_wrapper'><button type=\"submit\" class=\"ff-btn ff-btn-submit ff-btn-md ff_btn_style\" >K\u00fcld\u00e9s<\/button><\/div><\/fieldset><\/form><div id='fluentform_1_errors' class='ff-errors-in-stack ff_form_instance_1_1 ff-form-loading_errors ff_form_instance_1_1_errors'><\/div><\/div>        <script type=\"text\/javascript\">\n            window.fluent_form_ff_form_instance_1_1 = {\"id\":\"1\",\"settings\":{\"layout\":{\"labelPlacement\":\"top\",\"helpMessagePlacement\":\"with_label\",\"errorMessagePlacement\":\"inline\",\"cssClassName\":\"\",\"asteriskPlacement\":\"asterisk-right\"},\"restrictions\":{\"denyEmptySubmission\":{\"enabled\":false}}},\"form_instance\":\"ff_form_instance_1_1\",\"form_id_selector\":\"fluentform_1\",\"rules\":{\"input_text\":{\"required\":{\"value\":true,\"message\":\"K\\u00e9rjk\\u00fck adja meg a nev\\u00e9t!\"}},\"email\":{\"required\":{\"value\":true,\"message\":\"This field is required\"},\"email\":{\"value\":true,\"message\":\"This field must contain a valid email\"}},\"input_text_1\":{\"required\":{\"value\":true,\"message\":\"Adja meg telefonsz\\u00e1m\\u00e1t\"}},\"message\":{\"required\":{\"value\":false,\"message\":\"This field is required\"}},\"g-recaptcha-response\":[]},\"debounce_time\":300};\n                    <\/script>\n        \n\t\t<\/div>\n\t\t\t\t\t<\/div>\n\n\t\n<\/div>\n\t\t<\/div>\n\n\t\t\n<style>\n#section_1783746974 {\n  padding-top: 30px;\n  padding-bottom: 30px;\n}\n<\/style>\n\t<\/section>\n\t\n","protected":false},"excerpt":{"rendered":"","protected":false},"author":1,"featured_media":286,"parent":0,"menu_order":0,"comment_status":"closed","ping_status":"open","template":"page-blank.php","meta":{"footnotes":""},"class_list":["post-374","page","type-page","status-publish","has-post-thumbnail","hentry"],"yoast_head":"<!-- This site is optimized with the Yoast SEO Premium plugin v20.5 (Yoast SEO v20.5) - https:\/\/yoast.com\/wordpress\/plugins\/seo\/ -->\n<title>Building maintenance, our offers - Home Manager<\/title>\n<meta name=\"description\" content=\"Buda building maintenance based on unique and special needs! Green belt property maintenance, garden care, handyman services\" \/>\n<meta name=\"robots\" content=\"index, follow, max-snippet:-1, max-image-preview:large, max-video-preview:-1\" \/>\n<link rel=\"canonical\" href=\"https:\/\/home-manager.hu\/ajanlataink\/\" \/>\n<meta property=\"og:locale\" content=\"en_US\" \/>\n<meta property=\"og:type\" content=\"article\" \/>\n<meta property=\"og:title\" content=\"Our Offers\" \/>\n<meta property=\"og:description\" content=\"Buda building maintenance based on unique and special needs! Green belt property maintenance, garden care, handyman services\" \/>\n<meta property=\"og:url\" content=\"https:\/\/home-manager.hu\/ajanlataink\/\" \/>\n<meta property=\"og:site_name\" content=\"Home Manager\" \/>\n<meta property=\"article:modified_time\" content=\"2024-10-10T09:09:52+00:00\" \/>\n<meta property=\"og:image\" content=\"https:\/\/home-manager.hu\/wp-content\/uploads\/2023\/08\/home-manager-slider.jpg\" \/>\n\t<meta property=\"og:image:width\" content=\"1920\" \/>\n\t<meta property=\"og:image:height\" content=\"1080\" \/>\n\t<meta property=\"og:image:type\" content=\"image\/jpeg\" \/>\n<meta name=\"twitter:card\" content=\"summary_large_image\" \/>\n<meta name=\"twitter:label1\" content=\"Est. reading time\" \/>\n\t<meta name=\"twitter:data1\" content=\"4 minutes\" \/>\n<script type=\"application\/ld+json\" class=\"yoast-schema-graph\">{\"@context\":\"https:\/\/schema.org\",\"@graph\":[{\"@type\":\"WebPage\",\"@id\":\"https:\/\/home-manager.hu\/ajanlataink\/\",\"url\":\"https:\/\/home-manager.hu\/ajanlataink\/\",\"name\":\"Building maintenance, our offers - Home Manager\",\"isPartOf\":{\"@id\":\"https:\/\/home-manager.hu\/#website\"},\"datePublished\":\"2023-08-06T18:21:03+00:00\",\"dateModified\":\"2024-10-10T09:09:52+00:00\",\"description\":\"Buda building maintenance based on unique and special needs! Green belt property maintenance, garden care, handyman services\",\"breadcrumb\":{\"@id\":\"https:\/\/home-manager.hu\/ajanlataink\/#breadcrumb\"},\"inLanguage\":\"en-US\",\"potentialAction\":[{\"@type\":\"ReadAction\",\"target\":[\"https:\/\/home-manager.hu\/ajanlataink\/\"]}]},{\"@type\":\"BreadcrumbList\",\"@id\":\"https:\/\/home-manager.hu\/ajanlataink\/#breadcrumb\",\"itemListElement\":[{\"@type\":\"ListItem\",\"position\":1,\"name\":\"Kezd\u0151lap\",\"item\":\"https:\/\/home-manager.hu\/\"},{\"@type\":\"ListItem\",\"position\":2,\"name\":\"Our Offers\"}]},{\"@type\":\"WebSite\",\"@id\":\"https:\/\/home-manager.hu\/#website\",\"url\":\"https:\/\/home-manager.hu\/\",\"name\":\"Home Manager\",\"description\":\"\u00c9ljen gondtalanul otthon\u00e1ban\",\"publisher\":{\"@id\":\"https:\/\/home-manager.hu\/#organization\"},\"potentialAction\":[{\"@type\":\"SearchAction\",\"target\":{\"@type\":\"EntryPoint\",\"urlTemplate\":\"https:\/\/home-manager.hu\/?s={search_term_string}\"},\"query-input\":\"required name=search_term_string\"}],\"inLanguage\":\"en-US\"},{\"@type\":\"Organization\",\"@id\":\"https:\/\/home-manager.hu\/#organization\",\"name\":\"Home Manager\",\"url\":\"https:\/\/home-manager.hu\/\",\"logo\":{\"@type\":\"ImageObject\",\"inLanguage\":\"en-US\",\"@id\":\"https:\/\/home-manager.hu\/#\/schema\/logo\/image\/\",\"url\":\"https:\/\/home-manager.hu\/wp-content\/uploads\/2023\/12\/favicon.jpg\",\"contentUrl\":\"https:\/\/home-manager.hu\/wp-content\/uploads\/2023\/12\/favicon.jpg\",\"width\":144,\"height\":144,\"caption\":\"Home Manager\"},\"image\":{\"@id\":\"https:\/\/home-manager.hu\/#\/schema\/logo\/image\/\"}}]}<\/script>\n<!-- \/ Yoast SEO Premium plugin. -->","yoast_head_json":{"title":"Building maintenance, our offers - Home Manager","description":"Buda building maintenance based on unique and special needs! Green belt property maintenance, garden care, handyman services","robots":{"index":"index","follow":"follow","max-snippet":"max-snippet:-1","max-image-preview":"max-image-preview:large","max-video-preview":"max-video-preview:-1"},"canonical":"https:\/\/home-manager.hu\/ajanlataink\/","og_locale":"en_US","og_type":"article","og_title":"Our Offers","og_description":"Buda building maintenance based on unique and special needs! Green belt property maintenance, garden care, handyman services","og_url":"https:\/\/home-manager.hu\/ajanlataink\/","og_site_name":"Home Manager","article_modified_time":"2024-10-10T09:09:52+00:00","og_image":[{"width":1920,"height":1080,"url":"https:\/\/home-manager.hu\/wp-content\/uploads\/2023\/08\/home-manager-slider.jpg","type":"image\/jpeg"}],"twitter_card":"summary_large_image","twitter_misc":{"Est. reading time":"4 minutes"},"schema":{"@context":"https:\/\/schema.org","@graph":[{"@type":"WebPage","@id":"https:\/\/home-manager.hu\/ajanlataink\/","url":"https:\/\/home-manager.hu\/ajanlataink\/","name":"Building maintenance, our offers - Home Manager","isPartOf":{"@id":"https:\/\/home-manager.hu\/#website"},"datePublished":"2023-08-06T18:21:03+00:00","dateModified":"2024-10-10T09:09:52+00:00","description":"Buda building maintenance based on unique and special needs! Green belt property maintenance, garden care, handyman services","breadcrumb":{"@id":"https:\/\/home-manager.hu\/ajanlataink\/#breadcrumb"},"inLanguage":"en-US","potentialAction":[{"@type":"ReadAction","target":["https:\/\/home-manager.hu\/ajanlataink\/"]}]},{"@type":"BreadcrumbList","@id":"https:\/\/home-manager.hu\/ajanlataink\/#breadcrumb","itemListElement":[{"@type":"ListItem","position":1,"name":"Kezd\u0151lap","item":"https:\/\/home-manager.hu\/"},{"@type":"ListItem","position":2,"name":"Our Offers"}]},{"@type":"WebSite","@id":"https:\/\/home-manager.hu\/#website","url":"https:\/\/home-manager.hu\/","name":"Home Manager","description":"\u00c9ljen gondtalanul otthon\u00e1ban","publisher":{"@id":"https:\/\/home-manager.hu\/#organization"},"potentialAction":[{"@type":"SearchAction","target":{"@type":"EntryPoint","urlTemplate":"https:\/\/home-manager.hu\/?s={search_term_string}"},"query-input":"required name=search_term_string"}],"inLanguage":"en-US"},{"@type":"Organization","@id":"https:\/\/home-manager.hu\/#organization","name":"Home Manager","url":"https:\/\/home-manager.hu\/","logo":{"@type":"ImageObject","inLanguage":"en-US","@id":"https:\/\/home-manager.hu\/#\/schema\/logo\/image\/","url":"https:\/\/home-manager.hu\/wp-content\/uploads\/2023\/12\/favicon.jpg","contentUrl":"https:\/\/home-manager.hu\/wp-content\/uploads\/2023\/12\/favicon.jpg","width":144,"height":144,"caption":"Home Manager"},"image":{"@id":"https:\/\/home-manager.hu\/#\/schema\/logo\/image\/"}}]}},"_links":{"self":[{"href":"https:\/\/home-manager.hu\/en\/wp-json\/wp\/v2\/pages\/374","targetHints":{"allow":["GET"]}}],"collection":[{"href":"https:\/\/home-manager.hu\/en\/wp-json\/wp\/v2\/pages"}],"about":[{"href":"https:\/\/home-manager.hu\/en\/wp-json\/wp\/v2\/types\/page"}],"author":[{"embeddable":true,"href":"https:\/\/home-manager.hu\/en\/wp-json\/wp\/v2\/users\/1"}],"replies":[{"embeddable":true,"href":"https:\/\/home-manager.hu\/en\/wp-json\/wp\/v2\/comments?post=374"}],"version-history":[{"count":5,"href":"https:\/\/home-manager.hu\/en\/wp-json\/wp\/v2\/pages\/374\/revisions"}],"predecessor-version":[{"id":663,"href":"https:\/\/home-manager.hu\/en\/wp-json\/wp\/v2\/pages\/374\/revisions\/663"}],"wp:featuredmedia":[{"embeddable":true,"href":"https:\/\/home-manager.hu\/en\/wp-json\/wp\/v2\/media\/286"}],"wp:attachment":[{"href":"https:\/\/home-manager.hu\/en\/wp-json\/wp\/v2\/media?parent=374"}],"curies":[{"name":"wp","href":"https:\/\/api.w.org\/{rel}","templated":true}]}}